{"id":2040,"date":"2014-07-14T22:58:20","date_gmt":"2014-07-14T22:58:20","guid":{"rendered":"http:\/\/demo.athemes.com\/moesia\/?page_id=2040"},"modified":"2022-08-17T09:23:58","modified_gmt":"2022-08-17T12:23:58","slug":"front-page","status":"publish","type":"page","link":"https:\/\/www.i9bit.com.br\/site\/","title":{"rendered":"Front Page"},"content":{"rendered":"<div id=\"pl-2040\"  class=\"panel-layout\" ><div id=\"pg-2040-0\"  class=\"panel-grid panel-has-style\" ><div class=\"hello panel-row-style panel-row-style-for-2040-0\" ><div id=\"pgc-2040-0-0\"  class=\"panel-grid-cell\" ><div id=\"panel-2040-0-0-0\" class=\"so-panel widget widget_moesia_services moesia_services_widget panel-first-child panel-last-child\" data-index=\"0\" >\t\t<section id=\"services\" class=\"services-area\">\n\t\t\t<div class=\"container\">\n\t\t\t\t<h3 class=\"widget-title\"><span class=\"wow bounce\">Servi\u00e7os<\/span><\/h3>\t\t\t\t\t\t\t\t\t\t\t\t\t\t\t\t\t\t\t<div class=\"service col-md-4 col-sm-6 col-xs-6\">\n\t\t\t\t\t\t\t\t\t\t\t\t\t\t\t\t\t\t\t\t<span class=\"service-icon wow zoomInDown\"><i class=\"fa fas fa-cloud\"><\/i><\/span>\t\t\t\t\t\t\t\t\t\t\t\t<h4 class=\"service-title wow fadeInUp\">Cloud<\/h4><div class=\"service-desc wow fadeInUp\">Atuamos na \u00e1rea de Cloud Computer com servi\u00e7os em Remote Desktop Service, Virtual Private Cloud, Virtual private Network, Cloud SQL, Cloud Backup...Venha para o mundo da nuvem com seguran\u00e7a, n\u00f3s colocamos seu servidor na nuvem e seu colaborar em Home Office. Oferecemos consultoria para a aquisi\u00e7\u00e3o de servi\u00e7os em VOIP como tamb\u00e9m trabalhamos com a implanta\u00e7\u00e3o e treinamento. Por que n\u00e3o integrar tamb\u00e9m a parte de telefonia com um PABX virtual permitindo seus colaboradores em Home Office poder continuar estar falando entre si em com seus clientes e fornecedores em um ambiente totalmente controlado.<\/div>\t\t\t\t\t<\/div>\n\t\t\t\t\t\t\t\t\t\t\t\t\t\t\t\t\t\t\t<div class=\"service col-md-4 col-sm-6 col-xs-6\">\n\t\t\t\t\t\t\t\t\t\t\t\t\t\t\t\t\t\t\t\t<span class=\"service-icon wow zoomInDown\"><i class=\"fa fas fa-lock\"><\/i><\/span>\t\t\t\t\t\t\t\t\t\t\t\t<h4 class=\"service-title wow fadeInUp\">Seguran\u00e7a<\/h4><div class=\"service-desc wow fadeInUp\">Na \u00e1rea da seguran\u00e7a da informa\u00e7\u00e3o, hoje com os problemas dos v\u00edrus, spyware, malware, phishing fica cada vez mais complicado manter seguro suas informa\u00e7\u00f5es e com a chegada da nova lei \u00a0geral de prote\u00e7\u00e3o de dados pessoais(LGPD), se torna ainda mais importante manter seguro e em conformidade com a lei os seus arquivos e de seus clientes. Deixe conosco a seguran\u00e7a e se preocupe e foque nas atividades do seu neg\u00f3cio.<\/div>\t\t\t\t\t<\/div>\n\t\t\t\t\t\t\t\t\t\t\t\t\t\t\t\t\t\t\t<div class=\"service col-md-4 col-sm-6 col-xs-6\">\n\t\t\t\t\t\t\t\t\t\t\t\t\t\t\t\t\t\t\t\t<span class=\"service-icon wow zoomInDown\"><i class=\"fa far fa-copy\"><\/i><\/span>\t\t\t\t\t\t\t\t\t\t\t\t<h4 class=\"service-title wow fadeInUp\">Backup<\/h4><div class=\"service-desc wow fadeInUp\">Analisamos a necessidade da sua empresa ou pessoal com as mais modernas tecnologias na \u00e1rea de backup, n\u00e3o perca a informa\u00e7\u00e3o que \u00e9 vital para voc\u00ea ou sua institui\u00e7\u00e3o. O qu\u00e3o \u00e9 importante os documentos, fotos, v\u00eddeos que voc\u00ea possui? N\u00e3o perca aquilo que para voc\u00ea ou seu neg\u00f3cio pode ser o ativo mais importante.<\/div>\t\t\t\t\t<\/div>\n\t\t\t\t\t\t\t\t\t\t\t\t\t\t\t\t\t\t\t<div class=\"service col-md-4 col-sm-6 col-xs-6\">\n\t\t\t\t\t\t\t\t\t\t\t\t\t\t\t\t\t\t\t\t<span class=\"service-icon wow zoomInDown\"><i class=\"fa fas fa-desktop\"><\/i><\/span>\t\t\t\t\t\t\t\t\t\t\t\t<h4 class=\"service-title wow fadeInUp\">Manuten\u00e7\u00e3o e Suporte<\/h4><div class=\"service-desc wow fadeInUp\">Prestamos servi\u00e7os para pessoa jur\u00eddica e f\u00edsica na \u00e1rea de manuten\u00e7\u00e3o e suporte de computadores, servidores, redes e perif\u00e9ricos na \u00e1rea de tecnologia da informa\u00e7\u00e3o. Computador ou Notebook est\u00e1 lento ou parou, a rede n\u00e3o est\u00e3o funcionamento corretamente, querendo ampliar a rede sem fio, n\u00f3s podemos lhe ajudar. Possui algum equipamento que oferece acesso remoto como sistema de c\u00e2meras, alarme...mas n\u00e3o consegue ter acesso, podemos lhe ajudar, hoje com a internet das coisas trabalhamos com diversos dispositivos que oferecem este tipo de servi\u00e7o.<\/div>\t\t\t\t\t<\/div>\n\t\t\t\t\t\t\t\t\t\t\t\t\t\t\t\t\t\t\t<div class=\"service col-md-4 col-sm-6 col-xs-6\">\n\t\t\t\t\t\t\t\t\t\t\t\t\t\t\t\t\t\t\t\t<span class=\"service-icon wow zoomInDown\"><i class=\"fa fas fa-cart-arrow-down\"><\/i><\/span>\t\t\t\t\t\t\t\t\t\t\t\t<h4 class=\"service-title wow fadeInUp\">Sistemas comerciais<\/h4><div class=\"service-desc wow fadeInUp\">Trabalhamos\u00a0 com implanta\u00e7\u00e3o, treinamento e suporte de sistemas comerciais, com controle de estoque, financeiro, faturamento, emiss\u00e3o de notas fiscais eletr\u00f4nicas. Gostaria de ter um melhor controle de seu estoque, seu financeiro e poder estar emitindo notas fiscais atrav\u00e9s de um sistema simples e funcional de forma centralizada com suas informa\u00e7\u00f5es seguras e no ambiente de nuvem? N\u00f3s podemos lhe oferecer esse sistema modular com integra\u00e7\u00e3o com e-commerce e gateways de pagamentos j\u00e1 consagrados no mercado.<\/div>\t\t\t\t\t<\/div>\n\t\t\t\t\t\t\t\t\t\t\t\t\t\t\t\t\t\t\t<div class=\"service col-md-4 col-sm-6 col-xs-6\">\n\t\t\t\t\t\t\t\t\t\t\t\t\t\t\t\t\t\t\t\t<span class=\"service-icon wow zoomInDown\"><i class=\"fa fas fa-code\"><\/i><\/span>\t\t\t\t\t\t\t\t\t\t\t\t<h4 class=\"service-title wow fadeInUp\">Web \/ Desenvolvimento<\/h4><div class=\"service-desc wow fadeInUp\">Pensando em um site? N\u00f3s Registramos seu dom\u00ednio, hospedamos e desenvolvemos seu site, portal, blog ou e-commerce. Possu\u00edmos diversos servi\u00e7os na \u00e1rea da Web. Tamb\u00e9m desenvolvemos solu\u00e7\u00f5es e integramos sistemas locais ou em nuvem com foco em otimiza\u00e7\u00e3o de processos e entrega de informa\u00e7\u00f5es personalizadas sob pedido do cliente, com as novas ferramentas tecnol\u00f3gicas podemos oferecer automatiza\u00e7\u00e3o em diversos processos diminuindo significativamente a m\u00e3o de obra e o tempo de entrega, resultando em respostas mais \u00e1geis e menores custos.<\/div>\t\t\t\t\t<\/div>\n\t\t\t\t\t\t\t<\/div>\n\t\t\t\t\t\t\t\t\t\n\t\t<\/section>\t\t\n\t<\/div><\/div><\/div><\/div><div id=\"pg-2040-1\"  class=\"panel-grid panel-no-style\" ><div id=\"pgc-2040-1-0\"  class=\"panel-grid-cell\" ><div id=\"panel-2040-1-0-0\" class=\"so-panel widget widget_moesia_action moesia_action_widget panel-first-child panel-last-child\" data-index=\"1\" >\t\t<section id=\"call-to-action\" class=\"action-area\">\n\t\t\t<div class=\"container\">\n\t\t\t\t\t\t\t\t\t\t\t\t\n\t\t\t\t\t<div class=\"action-text wow zoomIn\">\n\t\t\t\t\t\tEntre em contato conosco agora!  Podemos ajudar voc\u00ea ou sua empresa.\t\t\t\t\t<\/div>\n\t\t\t\t\t\t\t\t\t\n\t\t\t\t\t<a href=\"#contacts\" class=\"call-to-action wow zoomInUp\">Fale com agente!<\/a>\n\t\t\t\t\t\t\t<\/div>\n\t\t\t\t\t<style type=\"text\/css\">\n\t\t\t\t.action-area {\n\t\t\t\t    display: block;\t\t\t    \n\t\t\t\t\tbackground: url(https:\/\/www.i9bit.com.br\/site\/wp-content\/uploads\/2019\/09\/notebook-1280538_1280.jpg) no-repeat;\n\t\t\t\t\tbackground-position: center top;\n\t\t\t\t\tbackground-attachment: fixed;\n\t\t\t\t\tbackground-size: cover;\n\t\t\t\t\tz-index: -1;\n\t\t\t\t}\n\t\t\t<\/style>\n\t\t\t\t\t\t\t\t\t\t\t\t\t\n\t\t<\/section>\t\t\n\t<\/div><\/div><\/div><div id=\"pg-2040-2\"  class=\"panel-grid panel-no-style\" ><div id=\"pgc-2040-2-0\"  class=\"panel-grid-cell panel-grid-cell-empty\" ><\/div><\/div><div id=\"pg-2040-3\"  class=\"panel-grid panel-no-style\" ><div id=\"pgc-2040-3-0\"  class=\"panel-grid-cell panel-grid-cell-empty\" ><\/div><\/div><div id=\"pg-2040-4\"  class=\"panel-grid panel-no-style\" ><div id=\"pgc-2040-4-0\"  class=\"panel-grid-cell panel-grid-cell-empty\" ><\/div><\/div><div id=\"pg-2040-5\"  class=\"panel-grid panel-has-style\" ><div style=\"background-image: url(http:\/\/demo.athemes.com\/moesia\/wp-content\/uploads\/sites\/25\/2011\/05\/internet-295264.png); \" class=\"panel-row-style panel-row-style-for-2040-5\" ><div id=\"pgc-2040-5-0\"  class=\"panel-grid-cell panel-grid-cell-empty\" ><\/div><\/div><\/div><div id=\"pg-2040-6\"  class=\"panel-grid panel-no-style\" ><div id=\"pgc-2040-6-0\"  class=\"panel-grid-cell panel-grid-cell-empty\" ><\/div><\/div><div id=\"pg-2040-7\"  class=\"panel-grid panel-no-style\" ><div id=\"pgc-2040-7-0\"  class=\"panel-grid-cell panel-grid-cell-empty\" ><\/div><\/div><div id=\"pg-2040-8\"  class=\"panel-grid panel-no-style\" ><div id=\"pgc-2040-8-0\"  class=\"panel-grid-cell\" ><div id=\"panel-2040-8-0-0\" class=\"so-panel widget widget_moesia_facts moesia_facts_widget panel-first-child panel-last-child\" data-index=\"2\" >\t\t<section id=\"facts\" class=\"facts-area\">\n\t\t\t<div class=\"container\">\n\t\t\t\t<h3 class=\"widget-title\"><span class=\"wow bounce\">Seguran\u00e7a da informa\u00e7\u00e3o<\/span><\/h3>\t\t\t\t\t\t\t\t\t<div class=\"col-md-3 col-sm-3 col-xs-6\">\n\t\t\t\t\t\t<span class=\"fact wow rotateIn\" id=\"120\">0<\/span>\n\t\t\t\t\t\t<div class=\"fact-name wow fadeInUp\">Ataques cibern\u00e9ticos no Brasil em 6 meses de 2018 na escala de milh\u00f5es<\/div>\n\t\t\t\t\t<\/div>\n\t\t\t\t\t\t\t\t\t\t\t\t\t<div class=\"col-md-3 col-sm-3 col-xs-6\">\n\t\t\t\t\t\t<span class=\"fact wow rotateIn\" id=\"350\">0<\/span>\n\t\t\t\t\t\t<div class=\"fact-name wow fadeInUp\">\u00c9 a Estimativa de ataques de Ransoware no Brasil em 2017 na escala de milhares<\/div>\n\t\t\t\t\t<\/div>\n\t\t\t\t\t\t\t\t\t\t\t\t\t<div class=\"col-md-3 col-sm-3 col-xs-6\">\n\t\t\t\t\t\t<span class=\"fact wow rotateIn\" id=\"83\">0<\/span>\n\t\t\t\t\t\t<div class=\"fact-name wow fadeInUp\">Quantidade que o CERT recebeu notifica\u00e7\u00f5es de ataques virtuais no pa\u00eds na escala de milhares<\/div>\n\t\t\t\t\t<\/div>\n\t\t\t\t\t\t\t\t\t\t\t\t\t<div class=\"col-md-3 col-sm-3 col-xs-6\">\n\t\t\t\t\t\t<span class=\"fact wow rotateIn\" id=\"7200\">0<\/span>\n\t\t\t\t\t\t<div class=\"fact-name wow fadeInUp\">Foi o preju\u00edzo em milh\u00f5es s\u00f3 no Brasil em 2018 em ciberseguran\u00e7a<\/div>\n\t\t\t\t\t<\/div>\n\t\t\t\t\t\t\t\t\t\t\t\t\t\t\t\t\t\t\t\t\t\t\t\n\t\t\t<\/div>\n\t\t\t\t\t\t\t\t\t\t\t\t\n\t\t<\/section>\t\t\t\t\n\t<\/div><\/div><\/div><div id=\"pg-2040-9\"  class=\"panel-grid panel-no-style\" ><div id=\"pgc-2040-9-0\"  class=\"panel-grid-cell panel-grid-cell-empty\" ><\/div><\/div><div id=\"pg-2040-10\"  class=\"panel-grid panel-no-style\" ><div id=\"pgc-2040-10-0\"  class=\"panel-grid-cell\" ><div id=\"panel-2040-10-0-0\" class=\"widget_text so-panel widget widget_custom_html panel-first-child panel-last-child\" data-index=\"3\" ><div id=\"contacts\" class=\"widget_text panel-widget-style panel-widget-style-for-2040-10-0-0\" ><h3 class=\"widget-title\">Contatos<\/h3><div class=\"textwidget custom-html-widget\"><center>\nWhatsApp:<a href=\"https:\/\/api.whatsapp.com\/send?phone=5524988312404&text=Contato%20via%20site\" target=\"_blank\">Mensagem<\/a><br\/>\nCart\u00e3o de contato:<a href=\"https:\/\/www.i9bit.com.br\/vcard.vcf\">Vcard<\/a><br\/>\nE-mail:<a href=\"mailto:contato@i9bit.com.br?subject=Contato%20site\">contato@i9bit.com.br<\/a><br\/>\nTelefone:<a href=\"tel:5524988312404\">(24)98831-2404<\/a><br\/>\n<div class=\"wpforms-container wpforms-container-full\" id=\"wpforms-2643\"><form id=\"wpforms-form-2643\" class=\"wpforms-validate wpforms-form\" data-formid=\"2643\" method=\"post\" enctype=\"multipart\/form-data\" action=\"\/site\/wp-json\/wp\/v2\/pages\/2040\" data-token=\"8adfd1beb0e60deb195caaec7593a2b2\" data-token-time=\"1776955628\"><noscript class=\"wpforms-error-noscript\">Ative o JavaScript no seu navegador para preencher este formul\u00e1rio.<\/noscript><div class=\"wpforms-field-container\"><div id=\"wpforms-2643-field_0-container\" class=\"wpforms-field wpforms-field-name\" data-field-id=\"0\"><label class=\"wpforms-field-label\" for=\"wpforms-2643-field_0\">Nome <span class=\"wpforms-required-label\">*<\/span><\/label><input type=\"text\" id=\"wpforms-2643-field_0\" class=\"wpforms-field-small wpforms-field-required\" name=\"wpforms[fields][0]\" required><\/div><div id=\"wpforms-2643-field_1-container\" class=\"wpforms-field wpforms-field-email\" data-field-id=\"1\"><label class=\"wpforms-field-label\" for=\"wpforms-2643-field_1\">E-mail <span class=\"wpforms-required-label\">*<\/span><\/label><input type=\"email\" id=\"wpforms-2643-field_1\" class=\"wpforms-field-small wpforms-field-required\" name=\"wpforms[fields][1]\" spellcheck=\"false\" required><div class=\"wpforms-field-description\">Digite seu e-mail, para que possamos continuar com voc\u00ea.<\/div><\/div><div id=\"wpforms-2643-field_6-container\" class=\"wpforms-field wpforms-field-textarea\" data-field-id=\"6\"><label class=\"wpforms-field-label\" for=\"wpforms-2643-field_6\">Mensagem <span class=\"wpforms-required-label\">*<\/span><\/label><textarea id=\"wpforms-2643-field_6\" class=\"wpforms-field-medium wpforms-field-required\" name=\"wpforms[fields][6]\" required><\/textarea><\/div><\/div><!-- .wpforms-field-container --><div class=\"wpforms-field wpforms-field-hp\"><label for=\"wpforms-2643-field-hp\" class=\"wpforms-field-label\">Phone<\/label><input type=\"text\" name=\"wpforms[hp]\" id=\"wpforms-2643-field-hp\" class=\"wpforms-field-medium\"><\/div><div class=\"wpforms-submit-container\" ><input type=\"hidden\" name=\"wpforms[id]\" value=\"2643\"><input type=\"hidden\" name=\"page_title\" value=\"\"><input type=\"hidden\" name=\"page_url\" value=\"https:\/\/www.i9bit.com.br\/site\/wp-json\/wp\/v2\/pages\/2040\"><input type=\"hidden\" name=\"url_referer\" value=\"\"><button type=\"submit\" name=\"wpforms[submit]\" id=\"wpforms-submit-2643\" class=\"wpforms-submit\" data-alt-text=\"Enviando...\" data-submit-text=\"Enviar\" aria-live=\"assertive\" value=\"wpforms-submit\">Enviar<\/button><\/div><\/form><\/div>  <!-- .wpforms-container -->\n<\/center><\/div><\/div><\/div><\/div><\/div><\/div>","protected":false},"excerpt":{"rendered":"<p>Servi\u00e7os CloudAtuamos na \u00e1rea de Cloud Computer com servi\u00e7os em Remote Desktop Service, Virtual Private Cloud, Virtual private Network, Cloud SQL, Cloud Backup&#8230;Venha para o mundo da nuvem com seguran\u00e7a, [&hellip;]<\/p>\n","protected":false},"author":1,"featured_media":2537,"parent":0,"menu_order":0,"comment_status":"open","ping_status":"open","template":"page_front-page.php","meta":{"footnotes":""},"class_list":["post-2040","page","type-page","status-publish","has-post-thumbnail","hentry"],"_links":{"self":[{"href":"https:\/\/www.i9bit.com.br\/site\/wp-json\/wp\/v2\/pages\/2040","targetHints":{"allow":["GET"]}}],"collection":[{"href":"https:\/\/www.i9bit.com.br\/site\/wp-json\/wp\/v2\/pages"}],"about":[{"href":"https:\/\/www.i9bit.com.br\/site\/wp-json\/wp\/v2\/types\/page"}],"author":[{"embeddable":true,"href":"https:\/\/www.i9bit.com.br\/site\/wp-json\/wp\/v2\/users\/1"}],"replies":[{"embeddable":true,"href":"https:\/\/www.i9bit.com.br\/site\/wp-json\/wp\/v2\/comments?post=2040"}],"version-history":[{"count":104,"href":"https:\/\/www.i9bit.com.br\/site\/wp-json\/wp\/v2\/pages\/2040\/revisions"}],"predecessor-version":[{"id":2745,"href":"https:\/\/www.i9bit.com.br\/site\/wp-json\/wp\/v2\/pages\/2040\/revisions\/2745"}],"wp:featuredmedia":[{"embeddable":true,"href":"https:\/\/www.i9bit.com.br\/site\/wp-json\/wp\/v2\/media\/2537"}],"wp:attachment":[{"href":"https:\/\/www.i9bit.com.br\/site\/wp-json\/wp\/v2\/media?parent=2040"}],"curies":[{"name":"wp","href":"https:\/\/api.w.org\/{rel}","templated":true}]}}